{"id":636,"date":"2018-06-29T16:56:44","date_gmt":"2018-06-29T19:56:44","guid":{"rendered":"https:\/\/heliosconsultoria.com.br\/solucoes-em-gestao-para-saude\/?page_id=636"},"modified":"2018-12-12T17:12:58","modified_gmt":"2018-12-12T19:12:58","slug":"planejamento-de-marketing-estrategico","status":"publish","type":"page","link":"https:\/\/heliosconsultoria.com.br\/solucoes-em-gestao-para-saude\/cases\/planejamento-de-marketing-estrategico\/","title":{"rendered":"Planejamento de Marketing Estrat\u00e9gico"},"content":{"rendered":"\t\t<div data-elementor-type=\"wp-post\" data-elementor-id=\"636\" class=\"elementor elementor-636 elementor-bc-flex-widget\">\n\t\t\t\t\t\t<div class=\"elementor-inner\">\n\t\t\t\t<div class=\"elementor-section-wrap\">\n\t\t\t\t\t\t\t\t\t<section class=\"elementor-section elementor-top-section elementor-element elementor-element-567c0696 elementor-section-stretched elementor-section-boxed elementor-section-height-default elementor-section-height-default\" data-id=\"567c0696\" data-element_type=\"section\" data-settings=\"{&quot;stretch_section&quot;:&quot;section-stretched&quot;,&quot;jet_parallax_layout_list&quot;:[{&quot;jet_parallax_layout_image&quot;:{&quot;url&quot;:&quot;&quot;,&quot;id&quot;:&quot;&quot;},&quot;_id&quot;:&quot;86eafc8&quot;,&quot;jet_parallax_layout_speed&quot;:{&quot;unit&quot;:&quot;%&quot;,&quot;size&quot;:50,&quot;sizes&quot;:[]},&quot;jet_parallax_layout_type&quot;:&quot;scroll&quot;,&quot;jet_parallax_layout_z_index&quot;:&quot;&quot;,&quot;jet_parallax_layout_bg_x&quot;:50,&quot;jet_parallax_layout_bg_y&quot;:50,&quot;jet_parallax_layout_bg_size&quot;:&quot;auto&quot;,&quot;jet_parallax_layout_animation_prop&quot;:&quot;transform&quot;,&quot;jet_parallax_layout_on&quot;:[&quot;desktop&quot;,&quot;tablet&quot;],&quot;jet_parallax_layout_image_tablet&quot;:{&quot;url&quot;:&quot;&quot;,&quot;id&quot;:&quot;&quot;},&quot;jet_parallax_layout_image_mobile&quot;:{&quot;url&quot;:&quot;&quot;,&quot;id&quot;:&quot;&quot;},&quot;jet_parallax_layout_direction&quot;:null,&quot;jet_parallax_layout_fx_direction&quot;:null,&quot;jet_parallax_layout_bg_x_tablet&quot;:&quot;&quot;,&quot;jet_parallax_layout_bg_x_mobile&quot;:&quot;&quot;,&quot;jet_parallax_layout_bg_y_tablet&quot;:&quot;&quot;,&quot;jet_parallax_layout_bg_y_mobile&quot;:&quot;&quot;,&quot;jet_parallax_layout_bg_size_tablet&quot;:&quot;&quot;,&quot;jet_parallax_layout_bg_size_mobile&quot;:&quot;&quot;}]}\">\n\t\t\t\t\t\t<div class=\"elementor-container elementor-column-gap-default\">\n\t\t\t\t\t\t\t<div class=\"elementor-row\">\n\t\t\t\t\t<div class=\"elementor-column elementor-col-100 elementor-top-column elementor-element elementor-element-50f5df91\" data-id=\"50f5df91\" data-element_type=\"column\">\n\t\t\t<div class=\"elementor-column-wrap elementor-element-populated\">\n\t\t\t\t\t\t\t<div class=\"elementor-widget-wrap\">\n\t\t\t\t\t\t<div class=\"elementor-element elementor-element-75370604 elementor-widget elementor-widget-heading\" data-id=\"75370604\" data-element_type=\"widget\" data-widget_type=\"heading.default\">\n\t\t\t\t<div class=\"elementor-widget-container\">\n\t\t\t<h2 class=\"elementor-heading-title elementor-size-default\">Marketing<\/h2>\t\t<\/div>\n\t\t\t\t<\/div>\n\t\t\t\t\t\t<\/div>\n\t\t\t\t\t<\/div>\n\t\t<\/div>\n\t\t\t\t\t\t\t\t<\/div>\n\t\t\t\t\t<\/div>\n\t\t<\/section>\n\t\t\t\t<section class=\"elementor-section elementor-top-section elementor-element elementor-element-2bbac098 elementor-section-boxed elementor-section-height-default elementor-section-height-default\" data-id=\"2bbac098\" data-element_type=\"section\" data-settings=\"{&quot;jet_parallax_layout_list&quot;:[{&quot;jet_parallax_layout_image&quot;:{&quot;url&quot;:&quot;&quot;,&quot;id&quot;:&quot;&quot;},&quot;_id&quot;:&quot;cc2b4f8&quot;,&quot;jet_parallax_layout_speed&quot;:{&quot;unit&quot;:&quot;%&quot;,&quot;size&quot;:50,&quot;sizes&quot;:[]},&quot;jet_parallax_layout_type&quot;:&quot;scroll&quot;,&quot;jet_parallax_layout_z_index&quot;:&quot;&quot;,&quot;jet_parallax_layout_bg_x&quot;:50,&quot;jet_parallax_layout_bg_y&quot;:50,&quot;jet_parallax_layout_bg_size&quot;:&quot;auto&quot;,&quot;jet_parallax_layout_animation_prop&quot;:&quot;transform&quot;,&quot;jet_parallax_layout_on&quot;:[&quot;desktop&quot;,&quot;tablet&quot;],&quot;jet_parallax_layout_image_tablet&quot;:{&quot;url&quot;:&quot;&quot;,&quot;id&quot;:&quot;&quot;},&quot;jet_parallax_layout_image_mobile&quot;:{&quot;url&quot;:&quot;&quot;,&quot;id&quot;:&quot;&quot;},&quot;jet_parallax_layout_direction&quot;:null,&quot;jet_parallax_layout_fx_direction&quot;:null,&quot;jet_parallax_layout_bg_x_tablet&quot;:&quot;&quot;,&quot;jet_parallax_layout_bg_x_mobile&quot;:&quot;&quot;,&quot;jet_parallax_layout_bg_y_tablet&quot;:&quot;&quot;,&quot;jet_parallax_layout_bg_y_mobile&quot;:&quot;&quot;,&quot;jet_parallax_layout_bg_size_tablet&quot;:&quot;&quot;,&quot;jet_parallax_layout_bg_size_mobile&quot;:&quot;&quot;}]}\">\n\t\t\t\t\t\t<div class=\"elementor-container elementor-column-gap-default\">\n\t\t\t\t\t\t\t<div class=\"elementor-row\">\n\t\t\t\t\t<div class=\"elementor-column elementor-col-100 elementor-top-column elementor-element elementor-element-482b947c\" data-id=\"482b947c\" data-element_type=\"column\">\n\t\t\t<div class=\"elementor-column-wrap elementor-element-populated\">\n\t\t\t\t\t\t\t<div class=\"elementor-widget-wrap\">\n\t\t\t\t\t\t<div class=\"elementor-element elementor-element-4e349740 elementor-widget elementor-widget-text-editor\" data-id=\"4e349740\" data-element_type=\"widget\" data-widget_type=\"text-editor.default\">\n\t\t\t\t<div class=\"elementor-widget-container\">\n\t\t\t\t\t\t\t\t<div class=\"elementor-text-editor elementor-clearfix\">\n\t\t\t\t<p>A Helios compreendeu desde o in\u00edcio a necessidade de fortalecer o marketing digital da minha presen\u00e7a online como m\u00e9dico e, desde ent\u00e3o, conquistei muitas vantagens, tanto para a minha imagem como profissional em meu site e nas redes sociais, quanto para me aproximar melhor no atendimento aos meus pacientes, al\u00e9m de fazer novos clientes. Valeu muito a pena investir no marketing com a expertise da empresa em sa\u00fade. \u00c9 um atendimento que realmente acompanha as necessidades do m\u00e9dico de acordo com a realidade da sua profiss\u00e3o.\u00a0<\/p>\t\t\t\t\t<\/div>\n\t\t\t\t\t\t<\/div>\n\t\t\t\t<\/div>\n\t\t\t\t\t\t<\/div>\n\t\t\t\t\t<\/div>\n\t\t<\/div>\n\t\t\t\t\t\t\t\t<\/div>\n\t\t\t\t\t<\/div>\n\t\t<\/section>\n\t\t\t\t<section class=\"elementor-section elementor-top-section elementor-element elementor-element-3daf009a elementor-section-boxed elementor-section-height-default elementor-section-height-default\" data-id=\"3daf009a\" data-element_type=\"section\" data-settings=\"{&quot;jet_parallax_layout_list&quot;:[{&quot;jet_parallax_layout_image&quot;:{&quot;url&quot;:&quot;&quot;,&quot;id&quot;:&quot;&quot;},&quot;_id&quot;:&quot;ec6e2fa&quot;,&quot;jet_parallax_layout_speed&quot;:{&quot;unit&quot;:&quot;%&quot;,&quot;size&quot;:50,&quot;sizes&quot;:[]},&quot;jet_parallax_layout_type&quot;:&quot;scroll&quot;,&quot;jet_parallax_layout_z_index&quot;:&quot;&quot;,&quot;jet_parallax_layout_bg_x&quot;:50,&quot;jet_parallax_layout_bg_y&quot;:50,&quot;jet_parallax_layout_bg_size&quot;:&quot;auto&quot;,&quot;jet_parallax_layout_animation_prop&quot;:&quot;transform&quot;,&quot;jet_parallax_layout_on&quot;:[&quot;desktop&quot;,&quot;tablet&quot;],&quot;jet_parallax_layout_image_tablet&quot;:{&quot;url&quot;:&quot;&quot;,&quot;id&quot;:&quot;&quot;},&quot;jet_parallax_layout_image_mobile&quot;:{&quot;url&quot;:&quot;&quot;,&quot;id&quot;:&quot;&quot;},&quot;jet_parallax_layout_direction&quot;:null,&quot;jet_parallax_layout_fx_direction&quot;:null,&quot;jet_parallax_layout_bg_x_tablet&quot;:&quot;&quot;,&quot;jet_parallax_layout_bg_x_mobile&quot;:&quot;&quot;,&quot;jet_parallax_layout_bg_y_tablet&quot;:&quot;&quot;,&quot;jet_parallax_layout_bg_y_mobile&quot;:&quot;&quot;,&quot;jet_parallax_layout_bg_size_tablet&quot;:&quot;&quot;,&quot;jet_parallax_layout_bg_size_mobile&quot;:&quot;&quot;}]}\">\n\t\t\t\t\t\t<div class=\"elementor-container elementor-column-gap-default\">\n\t\t\t\t\t\t\t<div class=\"elementor-row\">\n\t\t\t\t\t<div class=\"elementor-column elementor-col-100 elementor-top-column elementor-element elementor-element-1c995517\" data-id=\"1c995517\" data-element_type=\"column\">\n\t\t\t<div class=\"elementor-column-wrap elementor-element-populated\">\n\t\t\t\t\t\t\t<div class=\"elementor-widget-wrap\">\n\t\t\t\t\t\t<div class=\"elementor-element elementor-element-307078a3 elementor-widget elementor-widget-image\" data-id=\"307078a3\" data-element_type=\"widget\" data-widget_type=\"image.default\">\n\t\t\t\t<div class=\"elementor-widget-container\">\n\t\t\t\t\t\t\t\t<div class=\"elementor-image\">\n\t\t\t\t\t\t\t\t\t\t\t\t<img width=\"1165\" height=\"777\" src=\"https:\/\/heliosconsultoria.com.br\/solucoes-em-gestao-para-saude\/wp-content\/uploads\/2018\/06\/case-01.jpg\" class=\"attachment-large size-large\" alt=\"\" loading=\"lazy\" srcset=\"https:\/\/heliosconsultoria.com.br\/solucoes-em-gestao-para-saude\/wp-content\/uploads\/2018\/06\/case-01.jpg 1165w, https:\/\/heliosconsultoria.com.br\/solucoes-em-gestao-para-saude\/wp-content\/uploads\/2018\/06\/case-01-300x200.jpg 300w, https:\/\/heliosconsultoria.com.br\/solucoes-em-gestao-para-saude\/wp-content\/uploads\/2018\/06\/case-01-768x512.jpg 768w\" sizes=\"(max-width: 1165px) 100vw, 1165px\" \/>\t\t\t\t\t\t\t\t\t\t\t\t\t\t<\/div>\n\t\t\t\t\t\t<\/div>\n\t\t\t\t<\/div>\n\t\t\t\t\t\t<\/div>\n\t\t\t\t\t<\/div>\n\t\t<\/div>\n\t\t\t\t\t\t\t\t<\/div>\n\t\t\t\t\t<\/div>\n\t\t<\/section>\n\t\t\t\t<section class=\"elementor-section elementor-top-section elementor-element elementor-element-75b19ff1 elementor-section-boxed elementor-section-height-default elementor-section-height-default\" data-id=\"75b19ff1\" data-element_type=\"section\" data-settings=\"{&quot;jet_parallax_layout_list&quot;:[{&quot;jet_parallax_layout_image&quot;:{&quot;url&quot;:&quot;&quot;,&quot;id&quot;:&quot;&quot;},&quot;_id&quot;:&quot;36bea0c&quot;,&quot;jet_parallax_layout_speed&quot;:{&quot;unit&quot;:&quot;%&quot;,&quot;size&quot;:50,&quot;sizes&quot;:[]},&quot;jet_parallax_layout_type&quot;:&quot;scroll&quot;,&quot;jet_parallax_layout_z_index&quot;:&quot;&quot;,&quot;jet_parallax_layout_bg_x&quot;:50,&quot;jet_parallax_layout_bg_y&quot;:50,&quot;jet_parallax_layout_bg_size&quot;:&quot;auto&quot;,&quot;jet_parallax_layout_animation_prop&quot;:&quot;transform&quot;,&quot;jet_parallax_layout_on&quot;:[&quot;desktop&quot;,&quot;tablet&quot;],&quot;jet_parallax_layout_image_tablet&quot;:{&quot;url&quot;:&quot;&quot;,&quot;id&quot;:&quot;&quot;},&quot;jet_parallax_layout_image_mobile&quot;:{&quot;url&quot;:&quot;&quot;,&quot;id&quot;:&quot;&quot;},&quot;jet_parallax_layout_direction&quot;:null,&quot;jet_parallax_layout_fx_direction&quot;:null,&quot;jet_parallax_layout_bg_x_tablet&quot;:&quot;&quot;,&quot;jet_parallax_layout_bg_x_mobile&quot;:&quot;&quot;,&quot;jet_parallax_layout_bg_y_tablet&quot;:&quot;&quot;,&quot;jet_parallax_layout_bg_y_mobile&quot;:&quot;&quot;,&quot;jet_parallax_layout_bg_size_tablet&quot;:&quot;&quot;,&quot;jet_parallax_layout_bg_size_mobile&quot;:&quot;&quot;}]}\">\n\t\t\t\t\t\t<div class=\"elementor-container elementor-column-gap-default\">\n\t\t\t\t\t\t\t<div class=\"elementor-row\">\n\t\t\t\t\t<div class=\"elementor-column elementor-col-100 elementor-top-column elementor-element elementor-element-1d22e433\" data-id=\"1d22e433\" data-element_type=\"column\">\n\t\t\t<div class=\"elementor-column-wrap elementor-element-populated\">\n\t\t\t\t\t\t\t<div class=\"elementor-widget-wrap\">\n\t\t\t\t\t\t<div class=\"elementor-element elementor-element-428cd22c elementor-align-left elementor-widget elementor-widget-button\" data-id=\"428cd22c\" data-element_type=\"widget\" data-widget_type=\"button.default\">\n\t\t\t\t<div class=\"elementor-widget-container\">\n\t\t\t\t\t<div class=\"elementor-button-wrapper\">\n\t\t\t<a href=\"https:\/\/heliosconsultoria.com.br\/solucoes-em-gestao-para-saude\/cases\/\" class=\"elementor-button-link elementor-button elementor-size-sm\" role=\"button\">\n\t\t\t\t\t\t<span class=\"elementor-button-content-wrapper\">\n\t\t\t\t\t\t\t<span class=\"elementor-button-icon elementor-align-icon-left\">\n\t\t\t\t\t\t\t\t\t<i class=\"fa fa-angle-left\" aria-hidden=\"true\"><\/i>\n\t\t\t\t\t\t\t<\/span>\n\t\t\t\t\t\t<span class=\"elementor-button-text\">Voltar<\/span>\n\t\t<\/span>\n\t\t\t\t\t<\/a>\n\t\t<\/div>\n\t\t\t\t<\/div>\n\t\t\t\t<\/div>\n\t\t\t\t\t\t<\/div>\n\t\t\t\t\t<\/div>\n\t\t<\/div>\n\t\t\t\t\t\t\t\t<\/div>\n\t\t\t\t\t<\/div>\n\t\t<\/section>\n\t\t\t\t\t\t\t\t\t<\/div>\n\t\t\t<\/div>\n\t\t\t\t\t<\/div>\n\t\t","protected":false},"excerpt":{"rendered":"<p>Marketing A Helios compreendeu desde o in\u00edcio a necessidade de fortalecer o marketing digital da minha presen\u00e7a online como m\u00e9dico e, desde ent\u00e3o, conquistei muitas vantagens, tanto para a minha imagem como profissional em meu site e nas redes sociais, quanto para me aproximar melhor no atendimento aos meus pacientes, al\u00e9m de fazer novos clientes. [&hellip;]<\/p>\n","protected":false},"author":4,"featured_media":0,"parent":16,"menu_order":0,"comment_status":"closed","ping_status":"closed","template":"","meta":[],"yoast_head":"<!-- This site is optimized with the Yoast SEO plugin v18.8 - https:\/\/yoast.com\/wordpress\/plugins\/seo\/ -->\n<title>Planejamento de Marketing Estrat\u00e9gico - Helios Solu\u00e7\u00f5es em Gest\u00e3o para Sa\u00fade<\/title>\n<meta name=\"description\" content=\"A Helios compreendeu desde o in\u00edcio a necessidade de fortalecer o marketing digital da minha presen\u00e7a online como m\u00e9dico e, desde ent\u00e3o, obtive vantagens.\" \/>\n<meta name=\"robots\" content=\"index, follow, max-snippet:-1, max-image-preview:large, max-video-preview:-1\" \/>\n<link rel=\"canonical\" href=\"https:\/\/heliosconsultoria.com.br\/solucoes-em-gestao-para-saude\/cases\/planejamento-de-marketing-estrategico\/\" \/>\n<meta property=\"og:locale\" content=\"pt_BR\" \/>\n<meta property=\"og:type\" content=\"article\" \/>\n<meta property=\"og:title\" content=\"Planejamento de Marketing Estrat\u00e9gico - Helios Solu\u00e7\u00f5es em Gest\u00e3o para Sa\u00fade\" \/>\n<meta property=\"og:description\" content=\"A Helios compreendeu desde o in\u00edcio a necessidade de fortalecer o marketing digital da minha presen\u00e7a online como m\u00e9dico e, desde ent\u00e3o, obtive vantagens.\" \/>\n<meta property=\"og:url\" content=\"https:\/\/heliosconsultoria.com.br\/solucoes-em-gestao-para-saude\/cases\/planejamento-de-marketing-estrategico\/\" \/>\n<meta property=\"og:site_name\" content=\"Helios Solu\u00e7\u00f5es em Gest\u00e3o para Sa\u00fade\" \/>\n<meta property=\"article:modified_time\" content=\"2018-12-12T19:12:58+00:00\" \/>\n<meta property=\"og:image\" content=\"https:\/\/heliosconsultoria.com.br\/solucoes-em-gestao-para-saude\/wp-content\/uploads\/2018\/06\/case-01.jpg\" \/>\n<meta name=\"twitter:card\" content=\"summary_large_image\" \/>\n<script type=\"application\/ld+json\" class=\"yoast-schema-graph\">{\"@context\":\"https:\/\/schema.org\",\"@graph\":[{\"@type\":\"WebSite\",\"@id\":\"https:\/\/heliosconsultoria.com.br\/solucoes-em-gestao-para-saude\/#website\",\"url\":\"https:\/\/heliosconsultoria.com.br\/solucoes-em-gestao-para-saude\/\",\"name\":\"Helios Solu\u00e7\u00f5es em Gest\u00e3o para Sa\u00fade\",\"description\":\"\",\"potentialAction\":[{\"@type\":\"SearchAction\",\"target\":{\"@type\":\"EntryPoint\",\"urlTemplate\":\"https:\/\/heliosconsultoria.com.br\/solucoes-em-gestao-para-saude\/?s={search_term_string}\"},\"query-input\":\"required name=search_term_string\"}],\"inLanguage\":\"pt-BR\"},{\"@type\":\"ImageObject\",\"inLanguage\":\"pt-BR\",\"@id\":\"https:\/\/heliosconsultoria.com.br\/solucoes-em-gestao-para-saude\/cases\/planejamento-de-marketing-estrategico\/#primaryimage\",\"url\":\"https:\/\/heliosconsultoria.com.br\/solucoes-em-gestao-para-saude\/wp-content\/uploads\/2018\/06\/case-01.jpg\",\"contentUrl\":\"https:\/\/heliosconsultoria.com.br\/solucoes-em-gestao-para-saude\/wp-content\/uploads\/2018\/06\/case-01.jpg\",\"width\":1165,\"height\":777},{\"@type\":\"WebPage\",\"@id\":\"https:\/\/heliosconsultoria.com.br\/solucoes-em-gestao-para-saude\/cases\/planejamento-de-marketing-estrategico\/#webpage\",\"url\":\"https:\/\/heliosconsultoria.com.br\/solucoes-em-gestao-para-saude\/cases\/planejamento-de-marketing-estrategico\/\",\"name\":\"Planejamento de Marketing Estrat\u00e9gico - Helios Solu\u00e7\u00f5es em Gest\u00e3o para Sa\u00fade\",\"isPartOf\":{\"@id\":\"https:\/\/heliosconsultoria.com.br\/solucoes-em-gestao-para-saude\/#website\"},\"primaryImageOfPage\":{\"@id\":\"https:\/\/heliosconsultoria.com.br\/solucoes-em-gestao-para-saude\/cases\/planejamento-de-marketing-estrategico\/#primaryimage\"},\"datePublished\":\"2018-06-29T19:56:44+00:00\",\"dateModified\":\"2018-12-12T19:12:58+00:00\",\"description\":\"A Helios compreendeu desde o in\u00edcio a necessidade de fortalecer o marketing digital da minha presen\u00e7a online como m\u00e9dico e, desde ent\u00e3o, obtive vantagens.\",\"breadcrumb\":{\"@id\":\"https:\/\/heliosconsultoria.com.br\/solucoes-em-gestao-para-saude\/cases\/planejamento-de-marketing-estrategico\/#breadcrumb\"},\"inLanguage\":\"pt-BR\",\"potentialAction\":[{\"@type\":\"ReadAction\",\"target\":[\"https:\/\/heliosconsultoria.com.br\/solucoes-em-gestao-para-saude\/cases\/planejamento-de-marketing-estrategico\/\"]}]},{\"@type\":\"BreadcrumbList\",\"@id\":\"https:\/\/heliosconsultoria.com.br\/solucoes-em-gestao-para-saude\/cases\/planejamento-de-marketing-estrategico\/#breadcrumb\",\"itemListElement\":[{\"@type\":\"ListItem\",\"position\":1,\"name\":\"In\u00edcio\",\"item\":\"https:\/\/heliosconsultoria.com.br\/solucoes-em-gestao-para-saude\/\"},{\"@type\":\"ListItem\",\"position\":2,\"name\":\"Cases\",\"item\":\"https:\/\/heliosconsultoria.com.br\/solucoes-em-gestao-para-saude\/cases\/\"},{\"@type\":\"ListItem\",\"position\":3,\"name\":\"Planejamento de Marketing Estrat\u00e9gico\"}]}]}<\/script>\n<!-- \/ Yoast SEO plugin. -->","yoast_head_json":{"title":"Planejamento de Marketing Estrat\u00e9gico - Helios Solu\u00e7\u00f5es em Gest\u00e3o para Sa\u00fade","description":"A Helios compreendeu desde o in\u00edcio a necessidade de fortalecer o marketing digital da minha presen\u00e7a online como m\u00e9dico e, desde ent\u00e3o, obtive vantagens.","robots":{"index":"index","follow":"follow","max-snippet":"max-snippet:-1","max-image-preview":"max-image-preview:large","max-video-preview":"max-video-preview:-1"},"canonical":"https:\/\/heliosconsultoria.com.br\/solucoes-em-gestao-para-saude\/cases\/planejamento-de-marketing-estrategico\/","og_locale":"pt_BR","og_type":"article","og_title":"Planejamento de Marketing Estrat\u00e9gico - Helios Solu\u00e7\u00f5es em Gest\u00e3o para Sa\u00fade","og_description":"A Helios compreendeu desde o in\u00edcio a necessidade de fortalecer o marketing digital da minha presen\u00e7a online como m\u00e9dico e, desde ent\u00e3o, obtive vantagens.","og_url":"https:\/\/heliosconsultoria.com.br\/solucoes-em-gestao-para-saude\/cases\/planejamento-de-marketing-estrategico\/","og_site_name":"Helios Solu\u00e7\u00f5es em Gest\u00e3o para Sa\u00fade","article_modified_time":"2018-12-12T19:12:58+00:00","og_image":[{"url":"https:\/\/heliosconsultoria.com.br\/solucoes-em-gestao-para-saude\/wp-content\/uploads\/2018\/06\/case-01.jpg"}],"twitter_card":"summary_large_image","schema":{"@context":"https:\/\/schema.org","@graph":[{"@type":"WebSite","@id":"https:\/\/heliosconsultoria.com.br\/solucoes-em-gestao-para-saude\/#website","url":"https:\/\/heliosconsultoria.com.br\/solucoes-em-gestao-para-saude\/","name":"Helios Solu\u00e7\u00f5es em Gest\u00e3o para Sa\u00fade","description":"","potentialAction":[{"@type":"SearchAction","target":{"@type":"EntryPoint","urlTemplate":"https:\/\/heliosconsultoria.com.br\/solucoes-em-gestao-para-saude\/?s={search_term_string}"},"query-input":"required name=search_term_string"}],"inLanguage":"pt-BR"},{"@type":"ImageObject","inLanguage":"pt-BR","@id":"https:\/\/heliosconsultoria.com.br\/solucoes-em-gestao-para-saude\/cases\/planejamento-de-marketing-estrategico\/#primaryimage","url":"https:\/\/heliosconsultoria.com.br\/solucoes-em-gestao-para-saude\/wp-content\/uploads\/2018\/06\/case-01.jpg","contentUrl":"https:\/\/heliosconsultoria.com.br\/solucoes-em-gestao-para-saude\/wp-content\/uploads\/2018\/06\/case-01.jpg","width":1165,"height":777},{"@type":"WebPage","@id":"https:\/\/heliosconsultoria.com.br\/solucoes-em-gestao-para-saude\/cases\/planejamento-de-marketing-estrategico\/#webpage","url":"https:\/\/heliosconsultoria.com.br\/solucoes-em-gestao-para-saude\/cases\/planejamento-de-marketing-estrategico\/","name":"Planejamento de Marketing Estrat\u00e9gico - Helios Solu\u00e7\u00f5es em Gest\u00e3o para Sa\u00fade","isPartOf":{"@id":"https:\/\/heliosconsultoria.com.br\/solucoes-em-gestao-para-saude\/#website"},"primaryImageOfPage":{"@id":"https:\/\/heliosconsultoria.com.br\/solucoes-em-gestao-para-saude\/cases\/planejamento-de-marketing-estrategico\/#primaryimage"},"datePublished":"2018-06-29T19:56:44+00:00","dateModified":"2018-12-12T19:12:58+00:00","description":"A Helios compreendeu desde o in\u00edcio a necessidade de fortalecer o marketing digital da minha presen\u00e7a online como m\u00e9dico e, desde ent\u00e3o, obtive vantagens.","breadcrumb":{"@id":"https:\/\/heliosconsultoria.com.br\/solucoes-em-gestao-para-saude\/cases\/planejamento-de-marketing-estrategico\/#breadcrumb"},"inLanguage":"pt-BR","potentialAction":[{"@type":"ReadAction","target":["https:\/\/heliosconsultoria.com.br\/solucoes-em-gestao-para-saude\/cases\/planejamento-de-marketing-estrategico\/"]}]},{"@type":"BreadcrumbList","@id":"https:\/\/heliosconsultoria.com.br\/solucoes-em-gestao-para-saude\/cases\/planejamento-de-marketing-estrategico\/#breadcrumb","itemListElement":[{"@type":"ListItem","position":1,"name":"In\u00edcio","item":"https:\/\/heliosconsultoria.com.br\/solucoes-em-gestao-para-saude\/"},{"@type":"ListItem","position":2,"name":"Cases","item":"https:\/\/heliosconsultoria.com.br\/solucoes-em-gestao-para-saude\/cases\/"},{"@type":"ListItem","position":3,"name":"Planejamento de Marketing Estrat\u00e9gico"}]}]}},"_links":{"self":[{"href":"https:\/\/heliosconsultoria.com.br\/solucoes-em-gestao-para-saude\/wp-json\/wp\/v2\/pages\/636"}],"collection":[{"href":"https:\/\/heliosconsultoria.com.br\/solucoes-em-gestao-para-saude\/wp-json\/wp\/v2\/pages"}],"about":[{"href":"https:\/\/heliosconsultoria.com.br\/solucoes-em-gestao-para-saude\/wp-json\/wp\/v2\/types\/page"}],"author":[{"embeddable":true,"href":"https:\/\/heliosconsultoria.com.br\/solucoes-em-gestao-para-saude\/wp-json\/wp\/v2\/users\/4"}],"replies":[{"embeddable":true,"href":"https:\/\/heliosconsultoria.com.br\/solucoes-em-gestao-para-saude\/wp-json\/wp\/v2\/comments?post=636"}],"version-history":[{"count":4,"href":"https:\/\/heliosconsultoria.com.br\/solucoes-em-gestao-para-saude\/wp-json\/wp\/v2\/pages\/636\/revisions"}],"predecessor-version":[{"id":1022,"href":"https:\/\/heliosconsultoria.com.br\/solucoes-em-gestao-para-saude\/wp-json\/wp\/v2\/pages\/636\/revisions\/1022"}],"up":[{"embeddable":true,"href":"https:\/\/heliosconsultoria.com.br\/solucoes-em-gestao-para-saude\/wp-json\/wp\/v2\/pages\/16"}],"wp:attachment":[{"href":"https:\/\/heliosconsultoria.com.br\/solucoes-em-gestao-para-saude\/wp-json\/wp\/v2\/media?parent=636"}],"curies":[{"name":"wp","href":"https:\/\/api.w.org\/{rel}","templated":true}]}}