{"id":362,"date":"2018-06-28T15:07:18","date_gmt":"2018-06-28T18:07:18","guid":{"rendered":"https:\/\/heliosconsultoria.com.br\/solucoes-em-gestao-para-saude\/?page_id=362"},"modified":"2022-05-06T16:42:11","modified_gmt":"2022-05-06T19:42:11","slug":"investimentos-seguros","status":"publish","type":"page","link":"https:\/\/heliosconsultoria.com.br\/solucoes-em-gestao-para-saude\/solucoes\/investimentos-seguros\/","title":{"rendered":"Investimentos Seguros"},"content":{"rendered":"\t\t<div data-elementor-type=\"wp-post\" data-elementor-id=\"362\" class=\"elementor elementor-362\">\n\t\t\t\t\t\t<div class=\"elementor-inner\">\n\t\t\t\t<div class=\"elementor-section-wrap\">\n\t\t\t\t\t\t\t\t\t<section class=\"elementor-section elementor-top-section elementor-element elementor-element-210fce9b elementor-section-stretched elementor-section-boxed elementor-section-height-default elementor-section-height-default\" data-id=\"210fce9b\" data-element_type=\"section\" data-settings=\"{&quot;stretch_section&quot;:&quot;section-stretched&quot;,&quot;jet_parallax_layout_list&quot;:[{&quot;jet_parallax_layout_image&quot;:{&quot;url&quot;:&quot;&quot;,&quot;id&quot;:&quot;&quot;},&quot;_id&quot;:&quot;86eafc8&quot;,&quot;jet_parallax_layout_speed&quot;:{&quot;unit&quot;:&quot;%&quot;,&quot;size&quot;:50,&quot;sizes&quot;:[]},&quot;jet_parallax_layout_type&quot;:&quot;scroll&quot;,&quot;jet_parallax_layout_z_index&quot;:&quot;&quot;,&quot;jet_parallax_layout_bg_x&quot;:50,&quot;jet_parallax_layout_bg_y&quot;:50,&quot;jet_parallax_layout_bg_size&quot;:&quot;auto&quot;,&quot;jet_parallax_layout_animation_prop&quot;:&quot;transform&quot;,&quot;jet_parallax_layout_on&quot;:[&quot;desktop&quot;,&quot;tablet&quot;],&quot;jet_parallax_layout_image_tablet&quot;:{&quot;url&quot;:&quot;&quot;,&quot;id&quot;:&quot;&quot;},&quot;jet_parallax_layout_image_mobile&quot;:{&quot;url&quot;:&quot;&quot;,&quot;id&quot;:&quot;&quot;},&quot;jet_parallax_layout_direction&quot;:null,&quot;jet_parallax_layout_fx_direction&quot;:null,&quot;jet_parallax_layout_bg_x_tablet&quot;:&quot;&quot;,&quot;jet_parallax_layout_bg_x_mobile&quot;:&quot;&quot;,&quot;jet_parallax_layout_bg_y_tablet&quot;:&quot;&quot;,&quot;jet_parallax_layout_bg_y_mobile&quot;:&quot;&quot;,&quot;jet_parallax_layout_bg_size_tablet&quot;:&quot;&quot;,&quot;jet_parallax_layout_bg_size_mobile&quot;:&quot;&quot;}]}\">\n\t\t\t\t\t\t<div class=\"elementor-container elementor-column-gap-default\">\n\t\t\t\t\t\t\t<div class=\"elementor-row\">\n\t\t\t\t\t<div class=\"elementor-column elementor-col-100 elementor-top-column elementor-element elementor-element-97cd40f\" data-id=\"97cd40f\" data-element_type=\"column\">\n\t\t\t<div class=\"elementor-column-wrap elementor-element-populated\">\n\t\t\t\t\t\t\t<div class=\"elementor-widget-wrap\">\n\t\t\t\t\t\t<div class=\"elementor-element elementor-element-4c5cb268 elementor-widget elementor-widget-heading\" data-id=\"4c5cb268\" data-element_type=\"widget\" data-widget_type=\"heading.default\">\n\t\t\t\t<div class=\"elementor-widget-container\">\n\t\t\t<h2 class=\"elementor-heading-title elementor-size-default\">INVESTIMENTOS SEGUROS<\/h2>\t\t<\/div>\n\t\t\t\t<\/div>\n\t\t\t\t\t\t<\/div>\n\t\t\t\t\t<\/div>\n\t\t<\/div>\n\t\t\t\t\t\t\t\t<\/div>\n\t\t\t\t\t<\/div>\n\t\t<\/section>\n\t\t\t\t<section class=\"elementor-section elementor-top-section elementor-element elementor-element-5c567ad7 elementor-section-boxed elementor-section-height-default elementor-section-height-default\" data-id=\"5c567ad7\" data-element_type=\"section\" data-settings=\"{&quot;jet_parallax_layout_list&quot;:[{&quot;jet_parallax_layout_image&quot;:{&quot;url&quot;:&quot;&quot;,&quot;id&quot;:&quot;&quot;},&quot;_id&quot;:&quot;6cff34d&quot;,&quot;jet_parallax_layout_speed&quot;:{&quot;unit&quot;:&quot;%&quot;,&quot;size&quot;:50,&quot;sizes&quot;:[]},&quot;jet_parallax_layout_type&quot;:&quot;scroll&quot;,&quot;jet_parallax_layout_z_index&quot;:&quot;&quot;,&quot;jet_parallax_layout_bg_x&quot;:50,&quot;jet_parallax_layout_bg_y&quot;:50,&quot;jet_parallax_layout_bg_size&quot;:&quot;auto&quot;,&quot;jet_parallax_layout_animation_prop&quot;:&quot;transform&quot;,&quot;jet_parallax_layout_on&quot;:[&quot;desktop&quot;,&quot;tablet&quot;],&quot;jet_parallax_layout_image_tablet&quot;:{&quot;url&quot;:&quot;&quot;,&quot;id&quot;:&quot;&quot;},&quot;jet_parallax_layout_image_mobile&quot;:{&quot;url&quot;:&quot;&quot;,&quot;id&quot;:&quot;&quot;},&quot;jet_parallax_layout_direction&quot;:null,&quot;jet_parallax_layout_fx_direction&quot;:null,&quot;jet_parallax_layout_bg_x_tablet&quot;:&quot;&quot;,&quot;jet_parallax_layout_bg_x_mobile&quot;:&quot;&quot;,&quot;jet_parallax_layout_bg_y_tablet&quot;:&quot;&quot;,&quot;jet_parallax_layout_bg_y_mobile&quot;:&quot;&quot;,&quot;jet_parallax_layout_bg_size_tablet&quot;:&quot;&quot;,&quot;jet_parallax_layout_bg_size_mobile&quot;:&quot;&quot;}]}\">\n\t\t\t\t\t\t<div class=\"elementor-container elementor-column-gap-default\">\n\t\t\t\t\t\t\t<div class=\"elementor-row\">\n\t\t\t\t\t<div class=\"elementor-column elementor-col-50 elementor-top-column elementor-element elementor-element-5257fe7\" data-id=\"5257fe7\" data-element_type=\"column\">\n\t\t\t<div class=\"elementor-column-wrap elementor-element-populated\">\n\t\t\t\t\t\t\t<div class=\"elementor-widget-wrap\">\n\t\t\t\t\t\t<div class=\"elementor-element elementor-element-7edcdf00 elementor-widget elementor-widget-text-editor\" data-id=\"7edcdf00\" data-element_type=\"widget\" data-widget_type=\"text-editor.default\">\n\t\t\t\t<div class=\"elementor-widget-container\">\n\t\t\t\t\t\t\t\t<div class=\"elementor-text-editor elementor-clearfix\">\n\t\t\t\t<p style=\"text-align: left;\">Atrave\u0301s de ferramentas de diagno\u0301stico e ana\u0301lises, promovemos soluc\u0327o\u0303es e condutas para maior seguranc\u0327a de investimento e gesta\u0303o dos recursos pro\u0301prios das operadoras.<\/p>\t\t\t\t\t<\/div>\n\t\t\t\t\t\t<\/div>\n\t\t\t\t<\/div>\n\t\t\t\t<div class=\"elementor-element elementor-element-95fe878 elementor-widget elementor-widget-heading\" data-id=\"95fe878\" data-element_type=\"widget\" data-widget_type=\"heading.default\">\n\t\t\t\t<div class=\"elementor-widget-container\">\n\t\t\t<h2 class=\"elementor-heading-title elementor-size-default\">Tipos de Projetos<\/h2>\t\t<\/div>\n\t\t\t\t<\/div>\n\t\t\t\t<div class=\"elementor-element elementor-element-63e8806 elementor-widget elementor-widget-text-editor\" data-id=\"63e8806\" data-element_type=\"widget\" data-widget_type=\"text-editor.default\">\n\t\t\t\t<div class=\"elementor-widget-container\">\n\t\t\t\t\t\t\t\t<div class=\"elementor-text-editor elementor-clearfix\">\n\t\t\t\t<p>\u2022 Contratualizac\u0327a\u0303o e Relacionamento com Redes<\/p><p>\u2022 Expansa\u0303o de Novos Nego\u0301cios<\/p><p>\u2022 Estudo de Viabilidade Financeira<\/p><p>\u2022 Captac\u0327a\u0303o de Recursos para Investimento em Servic\u0327os Pro\u0301prios<\/p>\t\t\t\t\t<\/div>\n\t\t\t\t\t\t<\/div>\n\t\t\t\t<\/div>\n\t\t\t\t\t\t<\/div>\n\t\t\t\t\t<\/div>\n\t\t<\/div>\n\t\t\t\t<div class=\"elementor-column elementor-col-50 elementor-top-column elementor-element elementor-element-482cf04\" data-id=\"482cf04\" data-element_type=\"column\">\n\t\t\t<div class=\"elementor-column-wrap elementor-element-populated\">\n\t\t\t\t\t\t\t<div class=\"elementor-widget-wrap\">\n\t\t\t\t\t\t<div class=\"elementor-element elementor-element-6dcb99ac elementor-widget elementor-widget-image\" data-id=\"6dcb99ac\" data-element_type=\"widget\" data-widget_type=\"image.default\">\n\t\t\t\t<div class=\"elementor-widget-container\">\n\t\t\t\t\t\t\t\t<div class=\"elementor-image\">\n\t\t\t\t\t\t\t\t\t\t\t\t<img width=\"1200\" height=\"800\" src=\"https:\/\/heliosconsultoria.com.br\/solucoes-em-gestao-para-saude\/wp-content\/uploads\/2018\/11\/Nego\u0301cios-1200x800.jpg\" class=\"attachment-large size-large\" alt=\"\" loading=\"lazy\" srcset=\"https:\/\/heliosconsultoria.com.br\/solucoes-em-gestao-para-saude\/wp-content\/uploads\/2018\/11\/Nego\u0301cios.jpg 1200w, https:\/\/heliosconsultoria.com.br\/solucoes-em-gestao-para-saude\/wp-content\/uploads\/2018\/11\/Nego\u0301cios-300x200.jpg 300w, https:\/\/heliosconsultoria.com.br\/solucoes-em-gestao-para-saude\/wp-content\/uploads\/2018\/11\/Nego\u0301cios-768x512.jpg 768w\" sizes=\"(max-width: 1200px) 100vw, 1200px\" \/>\t\t\t\t\t\t\t\t\t\t\t\t\t\t<\/div>\n\t\t\t\t\t\t<\/div>\n\t\t\t\t<\/div>\n\t\t\t\t\t\t<\/div>\n\t\t\t\t\t<\/div>\n\t\t<\/div>\n\t\t\t\t\t\t\t\t<\/div>\n\t\t\t\t\t<\/div>\n\t\t<\/section>\n\t\t\t\t<section class=\"elementor-section elementor-top-section elementor-element elementor-element-d15aea4 elementor-section-boxed elementor-section-height-default elementor-section-height-default\" data-id=\"d15aea4\" data-element_type=\"section\" data-settings=\"{&quot;jet_parallax_layout_list&quot;:[{&quot;jet_parallax_layout_image&quot;:{&quot;url&quot;:&quot;&quot;,&quot;id&quot;:&quot;&quot;},&quot;_id&quot;:&quot;9e43545&quot;,&quot;jet_parallax_layout_speed&quot;:{&quot;unit&quot;:&quot;%&quot;,&quot;size&quot;:50,&quot;sizes&quot;:[]},&quot;jet_parallax_layout_type&quot;:&quot;scroll&quot;,&quot;jet_parallax_layout_z_index&quot;:&quot;&quot;,&quot;jet_parallax_layout_bg_x&quot;:50,&quot;jet_parallax_layout_bg_y&quot;:50,&quot;jet_parallax_layout_bg_size&quot;:&quot;auto&quot;,&quot;jet_parallax_layout_animation_prop&quot;:&quot;transform&quot;,&quot;jet_parallax_layout_on&quot;:[&quot;desktop&quot;,&quot;tablet&quot;],&quot;jet_parallax_layout_image_tablet&quot;:{&quot;url&quot;:&quot;&quot;,&quot;id&quot;:&quot;&quot;},&quot;jet_parallax_layout_image_mobile&quot;:{&quot;url&quot;:&quot;&quot;,&quot;id&quot;:&quot;&quot;},&quot;jet_parallax_layout_direction&quot;:null,&quot;jet_parallax_layout_fx_direction&quot;:null,&quot;jet_parallax_layout_bg_x_tablet&quot;:&quot;&quot;,&quot;jet_parallax_layout_bg_x_mobile&quot;:&quot;&quot;,&quot;jet_parallax_layout_bg_y_tablet&quot;:&quot;&quot;,&quot;jet_parallax_layout_bg_y_mobile&quot;:&quot;&quot;,&quot;jet_parallax_layout_bg_size_tablet&quot;:&quot;&quot;,&quot;jet_parallax_layout_bg_size_mobile&quot;:&quot;&quot;}]}\">\n\t\t\t\t\t\t<div class=\"elementor-container elementor-column-gap-default\">\n\t\t\t\t\t\t\t<div class=\"elementor-row\">\n\t\t\t\t\t<div class=\"elementor-column elementor-col-100 elementor-top-column elementor-element elementor-element-5fdbbbc3\" data-id=\"5fdbbbc3\" data-element_type=\"column\">\n\t\t\t<div class=\"elementor-column-wrap elementor-element-populated\">\n\t\t\t\t\t\t\t<div class=\"elementor-widget-wrap\">\n\t\t\t\t\t\t<div class=\"elementor-element elementor-element-73c341ba elementor-align-left elementor-widget elementor-widget-button\" data-id=\"73c341ba\" data-element_type=\"widget\" data-widget_type=\"button.default\">\n\t\t\t\t<div class=\"elementor-widget-container\">\n\t\t\t\t\t<div class=\"elementor-button-wrapper\">\n\t\t\t<a href=\"https:\/\/heliosconsultoria.com.br\/solucoes-em-gestao-para-saude\/solucoes\/\" class=\"elementor-button-link elementor-button elementor-size-sm\" role=\"button\">\n\t\t\t\t\t\t<span class=\"elementor-button-content-wrapper\">\n\t\t\t\t\t\t\t<span class=\"elementor-button-icon elementor-align-icon-left\">\n\t\t\t\t\t\t\t\t\t<i class=\"fa fa-angle-left\" aria-hidden=\"true\"><\/i>\n\t\t\t\t\t\t\t<\/span>\n\t\t\t\t\t\t<span class=\"elementor-button-text\">Voltar<\/span>\n\t\t<\/span>\n\t\t\t\t\t<\/a>\n\t\t<\/div>\n\t\t\t\t<\/div>\n\t\t\t\t<\/div>\n\t\t\t\t\t\t<\/div>\n\t\t\t\t\t<\/div>\n\t\t<\/div>\n\t\t\t\t\t\t\t\t<\/div>\n\t\t\t\t\t<\/div>\n\t\t<\/section>\n\t\t\t\t<section class=\"elementor-section elementor-top-section elementor-element elementor-element-5916c44 elementor-section-boxed elementor-section-height-default elementor-section-height-default\" data-id=\"5916c44\" data-element_type=\"section\" data-settings=\"{&quot;jet_parallax_layout_list&quot;:[{&quot;jet_parallax_layout_image&quot;:{&quot;url&quot;:&quot;&quot;,&quot;id&quot;:&quot;&quot;},&quot;_id&quot;:&quot;8d51fb3&quot;,&quot;jet_parallax_layout_speed&quot;:{&quot;unit&quot;:&quot;%&quot;,&quot;size&quot;:50,&quot;sizes&quot;:[]},&quot;jet_parallax_layout_type&quot;:&quot;scroll&quot;,&quot;jet_parallax_layout_z_index&quot;:&quot;&quot;,&quot;jet_parallax_layout_bg_x&quot;:50,&quot;jet_parallax_layout_bg_y&quot;:50,&quot;jet_parallax_layout_bg_size&quot;:&quot;auto&quot;,&quot;jet_parallax_layout_animation_prop&quot;:&quot;transform&quot;,&quot;jet_parallax_layout_on&quot;:[&quot;desktop&quot;,&quot;tablet&quot;],&quot;jet_parallax_layout_image_tablet&quot;:{&quot;url&quot;:&quot;&quot;,&quot;id&quot;:&quot;&quot;},&quot;jet_parallax_layout_image_mobile&quot;:{&quot;url&quot;:&quot;&quot;,&quot;id&quot;:&quot;&quot;},&quot;jet_parallax_layout_direction&quot;:null,&quot;jet_parallax_layout_fx_direction&quot;:null,&quot;jet_parallax_layout_bg_x_tablet&quot;:&quot;&quot;,&quot;jet_parallax_layout_bg_x_mobile&quot;:&quot;&quot;,&quot;jet_parallax_layout_bg_y_tablet&quot;:&quot;&quot;,&quot;jet_parallax_layout_bg_y_mobile&quot;:&quot;&quot;,&quot;jet_parallax_layout_bg_size_tablet&quot;:&quot;&quot;,&quot;jet_parallax_layout_bg_size_mobile&quot;:&quot;&quot;}]}\">\n\t\t\t\t\t\t<div class=\"elementor-container elementor-column-gap-default\">\n\t\t\t\t\t\t\t<div class=\"elementor-row\">\n\t\t\t\t\t<div class=\"elementor-column elementor-col-100 elementor-top-column elementor-element elementor-element-240d21f\" data-id=\"240d21f\" data-element_type=\"column\">\n\t\t\t<div class=\"elementor-column-wrap elementor-element-populated\">\n\t\t\t\t\t\t\t<div class=\"elementor-widget-wrap\">\n\t\t\t\t\t\t<div class=\"elementor-element elementor-element-9735793 elementor-widget elementor-widget-spacer\" data-id=\"9735793\" data-element_type=\"widget\" data-widget_type=\"spacer.default\">\n\t\t\t\t<div class=\"elementor-widget-container\">\n\t\t\t\t\t<div class=\"elementor-spacer\">\n\t\t\t<div class=\"elementor-spacer-inner\"><\/div>\n\t\t<\/div>\n\t\t\t\t<\/div>\n\t\t\t\t<\/div>\n\t\t\t\t\t\t<\/div>\n\t\t\t\t\t<\/div>\n\t\t<\/div>\n\t\t\t\t\t\t\t\t<\/div>\n\t\t\t\t\t<\/div>\n\t\t<\/section>\n\t\t\t\t\t\t\t\t\t<\/div>\n\t\t\t<\/div>\n\t\t\t\t\t<\/div>\n\t\t","protected":false},"excerpt":{"rendered":"<p>INVESTIMENTOS SEGUROS Atrave\u0301s de ferramentas de diagno\u0301stico e ana\u0301lises, promovemos soluc\u0327o\u0303es e condutas para maior seguranc\u0327a de investimento e gesta\u0303o dos recursos pro\u0301prios das operadoras. Tipos de Projetos \u2022 Contratualizac\u0327a\u0303o e Relacionamento com Redes \u2022 Expansa\u0303o de Novos Nego\u0301cios \u2022 Estudo de Viabilidade Financeira \u2022 Captac\u0327a\u0303o de Recursos para Investimento em Servic\u0327os Pro\u0301prios Voltar<\/p>\n","protected":false},"author":4,"featured_media":0,"parent":12,"menu_order":0,"comment_status":"closed","ping_status":"closed","template":"","meta":[],"yoast_head":"<!-- This site is optimized with the Yoast SEO plugin v18.8 - https:\/\/yoast.com\/wordpress\/plugins\/seo\/ -->\n<title>Investimentos Seguros - Helios Solu\u00e7\u00f5es em Gest\u00e3o para Sa\u00fade<\/title>\n<meta name=\"description\" content=\"Desenvolvemos estrat\u00e9gias e opera\u00e7\u00f5es que viabilizam a cria\u00e7\u00e3o de neg\u00f3cios conectando de forma estruturada pessoas, ambientes, oportunidades e dados.\" \/>\n<meta name=\"robots\" content=\"index, follow, max-snippet:-1, max-image-preview:large, max-video-preview:-1\" \/>\n<link rel=\"canonical\" href=\"https:\/\/heliosconsultoria.com.br\/solucoes-em-gestao-para-saude\/solucoes\/investimentos-seguros\/\" \/>\n<meta property=\"og:locale\" content=\"pt_BR\" \/>\n<meta property=\"og:type\" content=\"article\" \/>\n<meta property=\"og:title\" content=\"Investimentos Seguros - Helios Solu\u00e7\u00f5es em Gest\u00e3o para Sa\u00fade\" \/>\n<meta property=\"og:description\" content=\"Desenvolvemos estrat\u00e9gias e opera\u00e7\u00f5es que viabilizam a cria\u00e7\u00e3o de neg\u00f3cios conectando de forma estruturada pessoas, ambientes, oportunidades e dados.\" \/>\n<meta property=\"og:url\" content=\"https:\/\/heliosconsultoria.com.br\/solucoes-em-gestao-para-saude\/solucoes\/investimentos-seguros\/\" \/>\n<meta property=\"og:site_name\" content=\"Helios Solu\u00e7\u00f5es em Gest\u00e3o para Sa\u00fade\" \/>\n<meta property=\"article:modified_time\" content=\"2022-05-06T19:42:11+00:00\" \/>\n<meta name=\"twitter:card\" content=\"summary_large_image\" \/>\n<script type=\"application\/ld+json\" class=\"yoast-schema-graph\">{\"@context\":\"https:\/\/schema.org\",\"@graph\":[{\"@type\":\"WebSite\",\"@id\":\"https:\/\/heliosconsultoria.com.br\/solucoes-em-gestao-para-saude\/#website\",\"url\":\"https:\/\/heliosconsultoria.com.br\/solucoes-em-gestao-para-saude\/\",\"name\":\"Helios Solu\u00e7\u00f5es em Gest\u00e3o para Sa\u00fade\",\"description\":\"\",\"potentialAction\":[{\"@type\":\"SearchAction\",\"target\":{\"@type\":\"EntryPoint\",\"urlTemplate\":\"https:\/\/heliosconsultoria.com.br\/solucoes-em-gestao-para-saude\/?s={search_term_string}\"},\"query-input\":\"required name=search_term_string\"}],\"inLanguage\":\"pt-BR\"},{\"@type\":\"WebPage\",\"@id\":\"https:\/\/heliosconsultoria.com.br\/solucoes-em-gestao-para-saude\/solucoes\/investimentos-seguros\/#webpage\",\"url\":\"https:\/\/heliosconsultoria.com.br\/solucoes-em-gestao-para-saude\/solucoes\/investimentos-seguros\/\",\"name\":\"Investimentos Seguros - Helios Solu\u00e7\u00f5es em Gest\u00e3o para Sa\u00fade\",\"isPartOf\":{\"@id\":\"https:\/\/heliosconsultoria.com.br\/solucoes-em-gestao-para-saude\/#website\"},\"datePublished\":\"2018-06-28T18:07:18+00:00\",\"dateModified\":\"2022-05-06T19:42:11+00:00\",\"description\":\"Desenvolvemos estrat\u00e9gias e opera\u00e7\u00f5es que viabilizam a cria\u00e7\u00e3o de neg\u00f3cios conectando de forma estruturada pessoas, ambientes, oportunidades e dados.\",\"breadcrumb\":{\"@id\":\"https:\/\/heliosconsultoria.com.br\/solucoes-em-gestao-para-saude\/solucoes\/investimentos-seguros\/#breadcrumb\"},\"inLanguage\":\"pt-BR\",\"potentialAction\":[{\"@type\":\"ReadAction\",\"target\":[\"https:\/\/heliosconsultoria.com.br\/solucoes-em-gestao-para-saude\/solucoes\/investimentos-seguros\/\"]}]},{\"@type\":\"BreadcrumbList\",\"@id\":\"https:\/\/heliosconsultoria.com.br\/solucoes-em-gestao-para-saude\/solucoes\/investimentos-seguros\/#breadcrumb\",\"itemListElement\":[{\"@type\":\"ListItem\",\"position\":1,\"name\":\"In\u00edcio\",\"item\":\"https:\/\/heliosconsultoria.com.br\/solucoes-em-gestao-para-saude\/\"},{\"@type\":\"ListItem\",\"position\":2,\"name\":\"Solu\u00e7\u00f5es\",\"item\":\"https:\/\/heliosconsultoria.com.br\/solucoes-em-gestao-para-saude\/solucoes\/\"},{\"@type\":\"ListItem\",\"position\":3,\"name\":\"Investimentos Seguros\"}]}]}<\/script>\n<!-- \/ Yoast SEO plugin. -->","yoast_head_json":{"title":"Investimentos Seguros - Helios Solu\u00e7\u00f5es em Gest\u00e3o para Sa\u00fade","description":"Desenvolvemos estrat\u00e9gias e opera\u00e7\u00f5es que viabilizam a cria\u00e7\u00e3o de neg\u00f3cios conectando de forma estruturada pessoas, ambientes, oportunidades e dados.","robots":{"index":"index","follow":"follow","max-snippet":"max-snippet:-1","max-image-preview":"max-image-preview:large","max-video-preview":"max-video-preview:-1"},"canonical":"https:\/\/heliosconsultoria.com.br\/solucoes-em-gestao-para-saude\/solucoes\/investimentos-seguros\/","og_locale":"pt_BR","og_type":"article","og_title":"Investimentos Seguros - Helios Solu\u00e7\u00f5es em Gest\u00e3o para Sa\u00fade","og_description":"Desenvolvemos estrat\u00e9gias e opera\u00e7\u00f5es que viabilizam a cria\u00e7\u00e3o de neg\u00f3cios conectando de forma estruturada pessoas, ambientes, oportunidades e dados.","og_url":"https:\/\/heliosconsultoria.com.br\/solucoes-em-gestao-para-saude\/solucoes\/investimentos-seguros\/","og_site_name":"Helios Solu\u00e7\u00f5es em Gest\u00e3o para Sa\u00fade","article_modified_time":"2022-05-06T19:42:11+00:00","twitter_card":"summary_large_image","schema":{"@context":"https:\/\/schema.org","@graph":[{"@type":"WebSite","@id":"https:\/\/heliosconsultoria.com.br\/solucoes-em-gestao-para-saude\/#website","url":"https:\/\/heliosconsultoria.com.br\/solucoes-em-gestao-para-saude\/","name":"Helios Solu\u00e7\u00f5es em Gest\u00e3o para Sa\u00fade","description":"","potentialAction":[{"@type":"SearchAction","target":{"@type":"EntryPoint","urlTemplate":"https:\/\/heliosconsultoria.com.br\/solucoes-em-gestao-para-saude\/?s={search_term_string}"},"query-input":"required name=search_term_string"}],"inLanguage":"pt-BR"},{"@type":"WebPage","@id":"https:\/\/heliosconsultoria.com.br\/solucoes-em-gestao-para-saude\/solucoes\/investimentos-seguros\/#webpage","url":"https:\/\/heliosconsultoria.com.br\/solucoes-em-gestao-para-saude\/solucoes\/investimentos-seguros\/","name":"Investimentos Seguros - Helios Solu\u00e7\u00f5es em Gest\u00e3o para Sa\u00fade","isPartOf":{"@id":"https:\/\/heliosconsultoria.com.br\/solucoes-em-gestao-para-saude\/#website"},"datePublished":"2018-06-28T18:07:18+00:00","dateModified":"2022-05-06T19:42:11+00:00","description":"Desenvolvemos estrat\u00e9gias e opera\u00e7\u00f5es que viabilizam a cria\u00e7\u00e3o de neg\u00f3cios conectando de forma estruturada pessoas, ambientes, oportunidades e dados.","breadcrumb":{"@id":"https:\/\/heliosconsultoria.com.br\/solucoes-em-gestao-para-saude\/solucoes\/investimentos-seguros\/#breadcrumb"},"inLanguage":"pt-BR","potentialAction":[{"@type":"ReadAction","target":["https:\/\/heliosconsultoria.com.br\/solucoes-em-gestao-para-saude\/solucoes\/investimentos-seguros\/"]}]},{"@type":"BreadcrumbList","@id":"https:\/\/heliosconsultoria.com.br\/solucoes-em-gestao-para-saude\/solucoes\/investimentos-seguros\/#breadcrumb","itemListElement":[{"@type":"ListItem","position":1,"name":"In\u00edcio","item":"https:\/\/heliosconsultoria.com.br\/solucoes-em-gestao-para-saude\/"},{"@type":"ListItem","position":2,"name":"Solu\u00e7\u00f5es","item":"https:\/\/heliosconsultoria.com.br\/solucoes-em-gestao-para-saude\/solucoes\/"},{"@type":"ListItem","position":3,"name":"Investimentos Seguros"}]}]}},"_links":{"self":[{"href":"https:\/\/heliosconsultoria.com.br\/solucoes-em-gestao-para-saude\/wp-json\/wp\/v2\/pages\/362"}],"collection":[{"href":"https:\/\/heliosconsultoria.com.br\/solucoes-em-gestao-para-saude\/wp-json\/wp\/v2\/pages"}],"about":[{"href":"https:\/\/heliosconsultoria.com.br\/solucoes-em-gestao-para-saude\/wp-json\/wp\/v2\/types\/page"}],"author":[{"embeddable":true,"href":"https:\/\/heliosconsultoria.com.br\/solucoes-em-gestao-para-saude\/wp-json\/wp\/v2\/users\/4"}],"replies":[{"embeddable":true,"href":"https:\/\/heliosconsultoria.com.br\/solucoes-em-gestao-para-saude\/wp-json\/wp\/v2\/comments?post=362"}],"version-history":[{"count":24,"href":"https:\/\/heliosconsultoria.com.br\/solucoes-em-gestao-para-saude\/wp-json\/wp\/v2\/pages\/362\/revisions"}],"predecessor-version":[{"id":1414,"href":"https:\/\/heliosconsultoria.com.br\/solucoes-em-gestao-para-saude\/wp-json\/wp\/v2\/pages\/362\/revisions\/1414"}],"up":[{"embeddable":true,"href":"https:\/\/heliosconsultoria.com.br\/solucoes-em-gestao-para-saude\/wp-json\/wp\/v2\/pages\/12"}],"wp:attachment":[{"href":"https:\/\/heliosconsultoria.com.br\/solucoes-em-gestao-para-saude\/wp-json\/wp\/v2\/media?parent=362"}],"curies":[{"name":"wp","href":"https:\/\/api.w.org\/{rel}","templated":true}]}}