{"id":341,"date":"2018-06-28T14:33:07","date_gmt":"2018-06-28T17:33:07","guid":{"rendered":"https:\/\/heliosconsultoria.com.br\/solucoes-em-gestao-para-saude\/?page_id=341"},"modified":"2022-05-06T16:43:48","modified_gmt":"2022-05-06T19:43:48","slug":"custos-e-desempenho-economico","status":"publish","type":"page","link":"https:\/\/heliosconsultoria.com.br\/solucoes-em-gestao-para-saude\/solucoes\/custos-e-desempenho-economico\/","title":{"rendered":"Custos e Desempenho Econ\u00f4mico"},"content":{"rendered":"\t\t<div data-elementor-type=\"wp-post\" data-elementor-id=\"341\" class=\"elementor elementor-341\">\n\t\t\t\t\t\t<div class=\"elementor-inner\">\n\t\t\t\t<div class=\"elementor-section-wrap\">\n\t\t\t\t\t\t\t\t\t<section class=\"elementor-section elementor-top-section elementor-element elementor-element-56909cae elementor-section-stretched elementor-section-boxed elementor-section-height-default elementor-section-height-default\" data-id=\"56909cae\" data-element_type=\"section\" data-settings=\"{&quot;stretch_section&quot;:&quot;section-stretched&quot;,&quot;jet_parallax_layout_list&quot;:[{&quot;jet_parallax_layout_image&quot;:{&quot;url&quot;:&quot;&quot;,&quot;id&quot;:&quot;&quot;},&quot;_id&quot;:&quot;86eafc8&quot;,&quot;jet_parallax_layout_speed&quot;:{&quot;unit&quot;:&quot;%&quot;,&quot;size&quot;:50,&quot;sizes&quot;:[]},&quot;jet_parallax_layout_type&quot;:&quot;scroll&quot;,&quot;jet_parallax_layout_z_index&quot;:&quot;&quot;,&quot;jet_parallax_layout_bg_x&quot;:50,&quot;jet_parallax_layout_bg_y&quot;:50,&quot;jet_parallax_layout_bg_size&quot;:&quot;auto&quot;,&quot;jet_parallax_layout_animation_prop&quot;:&quot;transform&quot;,&quot;jet_parallax_layout_on&quot;:[&quot;desktop&quot;,&quot;tablet&quot;],&quot;jet_parallax_layout_image_tablet&quot;:{&quot;url&quot;:&quot;&quot;,&quot;id&quot;:&quot;&quot;},&quot;jet_parallax_layout_image_mobile&quot;:{&quot;url&quot;:&quot;&quot;,&quot;id&quot;:&quot;&quot;},&quot;jet_parallax_layout_direction&quot;:null,&quot;jet_parallax_layout_fx_direction&quot;:null,&quot;jet_parallax_layout_bg_x_tablet&quot;:&quot;&quot;,&quot;jet_parallax_layout_bg_x_mobile&quot;:&quot;&quot;,&quot;jet_parallax_layout_bg_y_tablet&quot;:&quot;&quot;,&quot;jet_parallax_layout_bg_y_mobile&quot;:&quot;&quot;,&quot;jet_parallax_layout_bg_size_tablet&quot;:&quot;&quot;,&quot;jet_parallax_layout_bg_size_mobile&quot;:&quot;&quot;}]}\">\n\t\t\t\t\t\t<div class=\"elementor-container elementor-column-gap-default\">\n\t\t\t\t\t\t\t<div class=\"elementor-row\">\n\t\t\t\t\t<div class=\"elementor-column elementor-col-100 elementor-top-column elementor-element elementor-element-73a06f6\" data-id=\"73a06f6\" data-element_type=\"column\">\n\t\t\t<div class=\"elementor-column-wrap elementor-element-populated\">\n\t\t\t\t\t\t\t<div class=\"elementor-widget-wrap\">\n\t\t\t\t\t\t<div class=\"elementor-element elementor-element-572ef076 elementor-widget elementor-widget-heading\" data-id=\"572ef076\" data-element_type=\"widget\" data-widget_type=\"heading.default\">\n\t\t\t\t<div class=\"elementor-widget-container\">\n\t\t\t<h2 class=\"elementor-heading-title elementor-size-default\">Custos e Desempenho Economico<\/h2>\t\t<\/div>\n\t\t\t\t<\/div>\n\t\t\t\t\t\t<\/div>\n\t\t\t\t\t<\/div>\n\t\t<\/div>\n\t\t\t\t\t\t\t\t<\/div>\n\t\t\t\t\t<\/div>\n\t\t<\/section>\n\t\t\t\t<section class=\"elementor-section elementor-top-section elementor-element elementor-element-4c57083 elementor-section-boxed elementor-section-height-default elementor-section-height-default\" data-id=\"4c57083\" data-element_type=\"section\" data-settings=\"{&quot;jet_parallax_layout_list&quot;:[{&quot;jet_parallax_layout_image&quot;:{&quot;url&quot;:&quot;&quot;,&quot;id&quot;:&quot;&quot;},&quot;_id&quot;:&quot;6cff34d&quot;,&quot;jet_parallax_layout_speed&quot;:{&quot;unit&quot;:&quot;%&quot;,&quot;size&quot;:50,&quot;sizes&quot;:[]},&quot;jet_parallax_layout_type&quot;:&quot;scroll&quot;,&quot;jet_parallax_layout_z_index&quot;:&quot;&quot;,&quot;jet_parallax_layout_bg_x&quot;:50,&quot;jet_parallax_layout_bg_y&quot;:50,&quot;jet_parallax_layout_bg_size&quot;:&quot;auto&quot;,&quot;jet_parallax_layout_animation_prop&quot;:&quot;transform&quot;,&quot;jet_parallax_layout_on&quot;:[&quot;desktop&quot;,&quot;tablet&quot;],&quot;jet_parallax_layout_image_tablet&quot;:{&quot;url&quot;:&quot;&quot;,&quot;id&quot;:&quot;&quot;},&quot;jet_parallax_layout_image_mobile&quot;:{&quot;url&quot;:&quot;&quot;,&quot;id&quot;:&quot;&quot;},&quot;jet_parallax_layout_direction&quot;:null,&quot;jet_parallax_layout_fx_direction&quot;:null,&quot;jet_parallax_layout_bg_x_tablet&quot;:&quot;&quot;,&quot;jet_parallax_layout_bg_x_mobile&quot;:&quot;&quot;,&quot;jet_parallax_layout_bg_y_tablet&quot;:&quot;&quot;,&quot;jet_parallax_layout_bg_y_mobile&quot;:&quot;&quot;,&quot;jet_parallax_layout_bg_size_tablet&quot;:&quot;&quot;,&quot;jet_parallax_layout_bg_size_mobile&quot;:&quot;&quot;}]}\">\n\t\t\t\t\t\t<div class=\"elementor-container elementor-column-gap-default\">\n\t\t\t\t\t\t\t<div class=\"elementor-row\">\n\t\t\t\t\t<div class=\"elementor-column elementor-col-50 elementor-top-column elementor-element elementor-element-55b335d\" data-id=\"55b335d\" data-element_type=\"column\">\n\t\t\t<div class=\"elementor-column-wrap elementor-element-populated\">\n\t\t\t\t\t\t\t<div class=\"elementor-widget-wrap\">\n\t\t\t\t\t\t<div class=\"elementor-element elementor-element-5fa5920 elementor-widget elementor-widget-text-editor\" data-id=\"5fa5920\" data-element_type=\"widget\" data-widget_type=\"text-editor.default\">\n\t\t\t\t<div class=\"elementor-widget-container\">\n\t\t\t\t\t\t\t\t<div class=\"elementor-text-editor elementor-clearfix\">\n\t\t\t\t<p>Melhoramos o seu desempenho econo\u0302mico financeiro, atrave\u0301s de gesta\u0303o de custos, otimizando a precificac\u0327a\u0303o e o faturamento de servic\u0327os, ale\u0301m da gesta\u0303o eficaz de recursos humanos.<\/p>\t\t\t\t\t<\/div>\n\t\t\t\t\t\t<\/div>\n\t\t\t\t<\/div>\n\t\t\t\t<div class=\"elementor-element elementor-element-9e6f5cf elementor-widget elementor-widget-heading\" data-id=\"9e6f5cf\" data-element_type=\"widget\" data-widget_type=\"heading.default\">\n\t\t\t\t<div class=\"elementor-widget-container\">\n\t\t\t<h2 class=\"elementor-heading-title elementor-size-default\">Tipos de Projetos<\/h2>\t\t<\/div>\n\t\t\t\t<\/div>\n\t\t\t\t<div class=\"elementor-element elementor-element-b9fd994 elementor-widget elementor-widget-text-editor\" data-id=\"b9fd994\" data-element_type=\"widget\" data-widget_type=\"text-editor.default\">\n\t\t\t\t<div class=\"elementor-widget-container\">\n\t\t\t\t\t\t\t\t<div class=\"elementor-text-editor elementor-clearfix\">\n\t\t\t\t<p>\u2022 Estruturac\u0327a\u0303o de Plano de Contas<\/p><p>\u2022 Implementac\u0327a\u0303o de Fichas Te\u0301cnicas<\/p><p>\u2022 Controles Financeiros e de Custos<\/p><p>\u2022 Orc\u0327amento<\/p><p>\u2022 Faturamento<\/p><p>\u2022 Gesta\u0303o Estrate\u0301gica de RH<\/p><p>\u2022 Dimensionamento Eficaz de RH<\/p>\t\t\t\t\t<\/div>\n\t\t\t\t\t\t<\/div>\n\t\t\t\t<\/div>\n\t\t\t\t\t\t<\/div>\n\t\t\t\t\t<\/div>\n\t\t<\/div>\n\t\t\t\t<div class=\"elementor-column elementor-col-50 elementor-top-column elementor-element elementor-element-58d96e3\" data-id=\"58d96e3\" data-element_type=\"column\">\n\t\t\t<div class=\"elementor-column-wrap elementor-element-populated\">\n\t\t\t\t\t\t\t<div class=\"elementor-widget-wrap\">\n\t\t\t\t\t\t<div class=\"elementor-element elementor-element-cde30ee elementor-widget elementor-widget-image\" data-id=\"cde30ee\" data-element_type=\"widget\" data-widget_type=\"image.default\">\n\t\t\t\t<div class=\"elementor-widget-container\">\n\t\t\t\t\t\t\t\t<div class=\"elementor-image\">\n\t\t\t\t\t\t\t\t\t\t\t\t<img width=\"1200\" height=\"800\" src=\"https:\/\/heliosconsultoria.com.br\/solucoes-em-gestao-para-saude\/wp-content\/uploads\/2018\/11\/Custos-e-Financ\u0327as-1200x800.jpg\" class=\"attachment-large size-large\" alt=\"\" loading=\"lazy\" srcset=\"https:\/\/heliosconsultoria.com.br\/solucoes-em-gestao-para-saude\/wp-content\/uploads\/2018\/11\/Custos-e-Financ\u0327as.jpg 1200w, https:\/\/heliosconsultoria.com.br\/solucoes-em-gestao-para-saude\/wp-content\/uploads\/2018\/11\/Custos-e-Financ\u0327as-300x200.jpg 300w, https:\/\/heliosconsultoria.com.br\/solucoes-em-gestao-para-saude\/wp-content\/uploads\/2018\/11\/Custos-e-Financ\u0327as-768x512.jpg 768w\" sizes=\"(max-width: 1200px) 100vw, 1200px\" \/>\t\t\t\t\t\t\t\t\t\t\t\t\t\t<\/div>\n\t\t\t\t\t\t<\/div>\n\t\t\t\t<\/div>\n\t\t\t\t\t\t<\/div>\n\t\t\t\t\t<\/div>\n\t\t<\/div>\n\t\t\t\t\t\t\t\t<\/div>\n\t\t\t\t\t<\/div>\n\t\t<\/section>\n\t\t\t\t<section class=\"elementor-section elementor-top-section elementor-element elementor-element-d95acee elementor-section-boxed elementor-section-height-default elementor-section-height-default\" data-id=\"d95acee\" data-element_type=\"section\" data-settings=\"{&quot;jet_parallax_layout_list&quot;:[{&quot;jet_parallax_layout_image&quot;:{&quot;url&quot;:&quot;&quot;,&quot;id&quot;:&quot;&quot;},&quot;_id&quot;:&quot;9e43545&quot;,&quot;jet_parallax_layout_speed&quot;:{&quot;unit&quot;:&quot;%&quot;,&quot;size&quot;:50,&quot;sizes&quot;:[]},&quot;jet_parallax_layout_type&quot;:&quot;scroll&quot;,&quot;jet_parallax_layout_z_index&quot;:&quot;&quot;,&quot;jet_parallax_layout_bg_x&quot;:50,&quot;jet_parallax_layout_bg_y&quot;:50,&quot;jet_parallax_layout_bg_size&quot;:&quot;auto&quot;,&quot;jet_parallax_layout_animation_prop&quot;:&quot;transform&quot;,&quot;jet_parallax_layout_on&quot;:[&quot;desktop&quot;,&quot;tablet&quot;],&quot;jet_parallax_layout_image_tablet&quot;:{&quot;url&quot;:&quot;&quot;,&quot;id&quot;:&quot;&quot;},&quot;jet_parallax_layout_image_mobile&quot;:{&quot;url&quot;:&quot;&quot;,&quot;id&quot;:&quot;&quot;},&quot;jet_parallax_layout_direction&quot;:null,&quot;jet_parallax_layout_fx_direction&quot;:null,&quot;jet_parallax_layout_bg_x_tablet&quot;:&quot;&quot;,&quot;jet_parallax_layout_bg_x_mobile&quot;:&quot;&quot;,&quot;jet_parallax_layout_bg_y_tablet&quot;:&quot;&quot;,&quot;jet_parallax_layout_bg_y_mobile&quot;:&quot;&quot;,&quot;jet_parallax_layout_bg_size_tablet&quot;:&quot;&quot;,&quot;jet_parallax_layout_bg_size_mobile&quot;:&quot;&quot;}]}\">\n\t\t\t\t\t\t<div class=\"elementor-container elementor-column-gap-default\">\n\t\t\t\t\t\t\t<div class=\"elementor-row\">\n\t\t\t\t\t<div class=\"elementor-column elementor-col-100 elementor-top-column elementor-element elementor-element-3bf6289\" data-id=\"3bf6289\" data-element_type=\"column\">\n\t\t\t<div class=\"elementor-column-wrap elementor-element-populated\">\n\t\t\t\t\t\t\t<div class=\"elementor-widget-wrap\">\n\t\t\t\t\t\t<div class=\"elementor-element elementor-element-8f0ae4a elementor-align-left elementor-widget elementor-widget-button\" data-id=\"8f0ae4a\" data-element_type=\"widget\" data-widget_type=\"button.default\">\n\t\t\t\t<div class=\"elementor-widget-container\">\n\t\t\t\t\t<div class=\"elementor-button-wrapper\">\n\t\t\t<a href=\"https:\/\/heliosconsultoria.com.br\/solucoes-em-gestao-para-saude\/solucoes\/\" class=\"elementor-button-link elementor-button elementor-size-sm\" role=\"button\">\n\t\t\t\t\t\t<span class=\"elementor-button-content-wrapper\">\n\t\t\t\t\t\t\t<span class=\"elementor-button-icon elementor-align-icon-left\">\n\t\t\t\t\t\t\t\t\t<i class=\"fa fa-angle-left\" aria-hidden=\"true\"><\/i>\n\t\t\t\t\t\t\t<\/span>\n\t\t\t\t\t\t<span class=\"elementor-button-text\">Voltar<\/span>\n\t\t<\/span>\n\t\t\t\t\t<\/a>\n\t\t<\/div>\n\t\t\t\t<\/div>\n\t\t\t\t<\/div>\n\t\t\t\t\t\t<\/div>\n\t\t\t\t\t<\/div>\n\t\t<\/div>\n\t\t\t\t\t\t\t\t<\/div>\n\t\t\t\t\t<\/div>\n\t\t<\/section>\n\t\t\t\t\t\t\t\t\t<\/div>\n\t\t\t<\/div>\n\t\t\t\t\t<\/div>\n\t\t","protected":false},"excerpt":{"rendered":"<p>Custos e Desempenho Economico Melhoramos o seu desempenho econo\u0302mico financeiro, atrave\u0301s de gesta\u0303o de custos, otimizando a precificac\u0327a\u0303o e o faturamento de servic\u0327os, ale\u0301m da gesta\u0303o eficaz de recursos humanos. Tipos de Projetos \u2022 Estruturac\u0327a\u0303o de Plano de Contas \u2022 Implementac\u0327a\u0303o de Fichas Te\u0301cnicas \u2022 Controles Financeiros e de Custos \u2022 Orc\u0327amento \u2022 Faturamento \u2022 [&hellip;]<\/p>\n","protected":false},"author":4,"featured_media":0,"parent":12,"menu_order":0,"comment_status":"closed","ping_status":"closed","template":"","meta":[],"yoast_head":"<!-- This site is optimized with the Yoast SEO plugin v18.8 - https:\/\/yoast.com\/wordpress\/plugins\/seo\/ -->\n<title>Custos e Desempenho Econ\u00f4mico - Helios Solu\u00e7\u00f5es em Gest\u00e3o para Sa\u00fade<\/title>\n<meta name=\"description\" content=\"Com o entendimento profundo do seu neg\u00f3cio ajudamos a maximizar seu valor, atrav\u00e9s de processos que proporcionam as melhores chances de sucesso.\" \/>\n<meta name=\"robots\" content=\"index, follow, max-snippet:-1, max-image-preview:large, max-video-preview:-1\" \/>\n<link rel=\"canonical\" href=\"https:\/\/heliosconsultoria.com.br\/solucoes-em-gestao-para-saude\/solucoes\/custos-e-desempenho-economico\/\" \/>\n<meta property=\"og:locale\" content=\"pt_BR\" \/>\n<meta property=\"og:type\" content=\"article\" \/>\n<meta property=\"og:title\" content=\"Custos e Desempenho Econ\u00f4mico - Helios Solu\u00e7\u00f5es em Gest\u00e3o para Sa\u00fade\" \/>\n<meta property=\"og:description\" content=\"Com o entendimento profundo do seu neg\u00f3cio ajudamos a maximizar seu valor, atrav\u00e9s de processos que proporcionam as melhores chances de sucesso.\" \/>\n<meta property=\"og:url\" content=\"https:\/\/heliosconsultoria.com.br\/solucoes-em-gestao-para-saude\/solucoes\/custos-e-desempenho-economico\/\" \/>\n<meta property=\"og:site_name\" content=\"Helios Solu\u00e7\u00f5es em Gest\u00e3o para Sa\u00fade\" \/>\n<meta property=\"article:modified_time\" content=\"2022-05-06T19:43:48+00:00\" \/>\n<meta name=\"twitter:card\" content=\"summary_large_image\" \/>\n<script type=\"application\/ld+json\" class=\"yoast-schema-graph\">{\"@context\":\"https:\/\/schema.org\",\"@graph\":[{\"@type\":\"WebSite\",\"@id\":\"https:\/\/heliosconsultoria.com.br\/solucoes-em-gestao-para-saude\/#website\",\"url\":\"https:\/\/heliosconsultoria.com.br\/solucoes-em-gestao-para-saude\/\",\"name\":\"Helios Solu\u00e7\u00f5es em Gest\u00e3o para Sa\u00fade\",\"description\":\"\",\"potentialAction\":[{\"@type\":\"SearchAction\",\"target\":{\"@type\":\"EntryPoint\",\"urlTemplate\":\"https:\/\/heliosconsultoria.com.br\/solucoes-em-gestao-para-saude\/?s={search_term_string}\"},\"query-input\":\"required name=search_term_string\"}],\"inLanguage\":\"pt-BR\"},{\"@type\":\"WebPage\",\"@id\":\"https:\/\/heliosconsultoria.com.br\/solucoes-em-gestao-para-saude\/solucoes\/custos-e-desempenho-economico\/#webpage\",\"url\":\"https:\/\/heliosconsultoria.com.br\/solucoes-em-gestao-para-saude\/solucoes\/custos-e-desempenho-economico\/\",\"name\":\"Custos e Desempenho Econ\u00f4mico - Helios Solu\u00e7\u00f5es em Gest\u00e3o para Sa\u00fade\",\"isPartOf\":{\"@id\":\"https:\/\/heliosconsultoria.com.br\/solucoes-em-gestao-para-saude\/#website\"},\"datePublished\":\"2018-06-28T17:33:07+00:00\",\"dateModified\":\"2022-05-06T19:43:48+00:00\",\"description\":\"Com o entendimento profundo do seu neg\u00f3cio ajudamos a maximizar seu valor, atrav\u00e9s de processos que proporcionam as melhores chances de sucesso.\",\"breadcrumb\":{\"@id\":\"https:\/\/heliosconsultoria.com.br\/solucoes-em-gestao-para-saude\/solucoes\/custos-e-desempenho-economico\/#breadcrumb\"},\"inLanguage\":\"pt-BR\",\"potentialAction\":[{\"@type\":\"ReadAction\",\"target\":[\"https:\/\/heliosconsultoria.com.br\/solucoes-em-gestao-para-saude\/solucoes\/custos-e-desempenho-economico\/\"]}]},{\"@type\":\"BreadcrumbList\",\"@id\":\"https:\/\/heliosconsultoria.com.br\/solucoes-em-gestao-para-saude\/solucoes\/custos-e-desempenho-economico\/#breadcrumb\",\"itemListElement\":[{\"@type\":\"ListItem\",\"position\":1,\"name\":\"In\u00edcio\",\"item\":\"https:\/\/heliosconsultoria.com.br\/solucoes-em-gestao-para-saude\/\"},{\"@type\":\"ListItem\",\"position\":2,\"name\":\"Solu\u00e7\u00f5es\",\"item\":\"https:\/\/heliosconsultoria.com.br\/solucoes-em-gestao-para-saude\/solucoes\/\"},{\"@type\":\"ListItem\",\"position\":3,\"name\":\"Custos e Desempenho Econ\u00f4mico\"}]}]}<\/script>\n<!-- \/ Yoast SEO plugin. -->","yoast_head_json":{"title":"Custos e Desempenho Econ\u00f4mico - Helios Solu\u00e7\u00f5es em Gest\u00e3o para Sa\u00fade","description":"Com o entendimento profundo do seu neg\u00f3cio ajudamos a maximizar seu valor, atrav\u00e9s de processos que proporcionam as melhores chances de sucesso.","robots":{"index":"index","follow":"follow","max-snippet":"max-snippet:-1","max-image-preview":"max-image-preview:large","max-video-preview":"max-video-preview:-1"},"canonical":"https:\/\/heliosconsultoria.com.br\/solucoes-em-gestao-para-saude\/solucoes\/custos-e-desempenho-economico\/","og_locale":"pt_BR","og_type":"article","og_title":"Custos e Desempenho Econ\u00f4mico - Helios Solu\u00e7\u00f5es em Gest\u00e3o para Sa\u00fade","og_description":"Com o entendimento profundo do seu neg\u00f3cio ajudamos a maximizar seu valor, atrav\u00e9s de processos que proporcionam as melhores chances de sucesso.","og_url":"https:\/\/heliosconsultoria.com.br\/solucoes-em-gestao-para-saude\/solucoes\/custos-e-desempenho-economico\/","og_site_name":"Helios Solu\u00e7\u00f5es em Gest\u00e3o para Sa\u00fade","article_modified_time":"2022-05-06T19:43:48+00:00","twitter_card":"summary_large_image","schema":{"@context":"https:\/\/schema.org","@graph":[{"@type":"WebSite","@id":"https:\/\/heliosconsultoria.com.br\/solucoes-em-gestao-para-saude\/#website","url":"https:\/\/heliosconsultoria.com.br\/solucoes-em-gestao-para-saude\/","name":"Helios Solu\u00e7\u00f5es em Gest\u00e3o para Sa\u00fade","description":"","potentialAction":[{"@type":"SearchAction","target":{"@type":"EntryPoint","urlTemplate":"https:\/\/heliosconsultoria.com.br\/solucoes-em-gestao-para-saude\/?s={search_term_string}"},"query-input":"required name=search_term_string"}],"inLanguage":"pt-BR"},{"@type":"WebPage","@id":"https:\/\/heliosconsultoria.com.br\/solucoes-em-gestao-para-saude\/solucoes\/custos-e-desempenho-economico\/#webpage","url":"https:\/\/heliosconsultoria.com.br\/solucoes-em-gestao-para-saude\/solucoes\/custos-e-desempenho-economico\/","name":"Custos e Desempenho Econ\u00f4mico - Helios Solu\u00e7\u00f5es em Gest\u00e3o para Sa\u00fade","isPartOf":{"@id":"https:\/\/heliosconsultoria.com.br\/solucoes-em-gestao-para-saude\/#website"},"datePublished":"2018-06-28T17:33:07+00:00","dateModified":"2022-05-06T19:43:48+00:00","description":"Com o entendimento profundo do seu neg\u00f3cio ajudamos a maximizar seu valor, atrav\u00e9s de processos que proporcionam as melhores chances de sucesso.","breadcrumb":{"@id":"https:\/\/heliosconsultoria.com.br\/solucoes-em-gestao-para-saude\/solucoes\/custos-e-desempenho-economico\/#breadcrumb"},"inLanguage":"pt-BR","potentialAction":[{"@type":"ReadAction","target":["https:\/\/heliosconsultoria.com.br\/solucoes-em-gestao-para-saude\/solucoes\/custos-e-desempenho-economico\/"]}]},{"@type":"BreadcrumbList","@id":"https:\/\/heliosconsultoria.com.br\/solucoes-em-gestao-para-saude\/solucoes\/custos-e-desempenho-economico\/#breadcrumb","itemListElement":[{"@type":"ListItem","position":1,"name":"In\u00edcio","item":"https:\/\/heliosconsultoria.com.br\/solucoes-em-gestao-para-saude\/"},{"@type":"ListItem","position":2,"name":"Solu\u00e7\u00f5es","item":"https:\/\/heliosconsultoria.com.br\/solucoes-em-gestao-para-saude\/solucoes\/"},{"@type":"ListItem","position":3,"name":"Custos e Desempenho Econ\u00f4mico"}]}]}},"_links":{"self":[{"href":"https:\/\/heliosconsultoria.com.br\/solucoes-em-gestao-para-saude\/wp-json\/wp\/v2\/pages\/341"}],"collection":[{"href":"https:\/\/heliosconsultoria.com.br\/solucoes-em-gestao-para-saude\/wp-json\/wp\/v2\/pages"}],"about":[{"href":"https:\/\/heliosconsultoria.com.br\/solucoes-em-gestao-para-saude\/wp-json\/wp\/v2\/types\/page"}],"author":[{"embeddable":true,"href":"https:\/\/heliosconsultoria.com.br\/solucoes-em-gestao-para-saude\/wp-json\/wp\/v2\/users\/4"}],"replies":[{"embeddable":true,"href":"https:\/\/heliosconsultoria.com.br\/solucoes-em-gestao-para-saude\/wp-json\/wp\/v2\/comments?post=341"}],"version-history":[{"count":21,"href":"https:\/\/heliosconsultoria.com.br\/solucoes-em-gestao-para-saude\/wp-json\/wp\/v2\/pages\/341\/revisions"}],"predecessor-version":[{"id":1403,"href":"https:\/\/heliosconsultoria.com.br\/solucoes-em-gestao-para-saude\/wp-json\/wp\/v2\/pages\/341\/revisions\/1403"}],"up":[{"embeddable":true,"href":"https:\/\/heliosconsultoria.com.br\/solucoes-em-gestao-para-saude\/wp-json\/wp\/v2\/pages\/12"}],"wp:attachment":[{"href":"https:\/\/heliosconsultoria.com.br\/solucoes-em-gestao-para-saude\/wp-json\/wp\/v2\/media?parent=341"}],"curies":[{"name":"wp","href":"https:\/\/api.w.org\/{rel}","templated":true}]}}